{"id":147,"date":"2023-02-03T11:04:06","date_gmt":"2023-02-03T16:04:06","guid":{"rendered":"https:\/\/amazon.uniandes.edu.co\/?page_id=147"},"modified":"2024-02-23T11:51:06","modified_gmt":"2024-02-23T16:51:06","slug":"call-for-applications","status":"publish","type":"page","link":"https:\/\/amazon.uniandes.edu.co\/en\/call-for-applications\/","title":{"rendered":"Call for applications &#8211; The Amazon Basin as Connecting Borderland: Examining Cultural and Artistic Fluidities in the Early Modern Period"},"content":{"rendered":"\n<div class=\"wp-block-cover alignfull is-light\" style=\"min-height:500px;aspect-ratio:unset;\"><span aria-hidden=\"true\" class=\"wp-block-cover__background has-luminous-vivid-orange-background-color has-background-dim-90 has-background-dim\"><\/span><div class=\"wp-block-cover__inner-container is-layout-flow wp-block-cover-is-layout-flow\">\n<div class=\"inherit-container-width wp-block-group alignwide is-layout-constrained wp-block-group-is-layout-constrained\">\n<div class=\"wp-block-media-text alignwide has-media-on-the-right is-stacked-on-mobile is-vertically-aligned-center has-background has-small-font-size\" style=\"background-color:#00000000;grid-template-columns:auto 48%\"><div class=\"wp-block-media-text__content\">\n<h2 class=\"wp-block-heading has-text-align-left has-white-color has-text-color\"><strong><strong><strong>Call for Applications<\/strong><\/strong><\/strong><\/h2>\n\n\n\n<h3 class=\"wp-block-heading\"><strong><strong><strong>The Amazon Basin as Connecting Borderland: Examining Cultural and Artistic Fluidities in the Early Modern Period.<\/strong><\/strong><\/strong><\/h3>\n\n\n\n<div class=\"wp-block-buttons alignwide is-layout-flex wp-block-buttons-is-layout-flex\"><\/div>\n<\/div><figure class=\"wp-block-media-text__media\"><img loading=\"lazy\" decoding=\"async\" width=\"1024\" height=\"720\" src=\"https:\/\/amazon.uniandes.edu.co\/wp-content\/uploads\/2023\/02\/destacated-convocatoria-Getty-1-1024x720.png\" alt=\"\" class=\"wp-image-299 size-full\" srcset=\"https:\/\/amazon.uniandes.edu.co\/wp-content\/uploads\/2023\/02\/destacated-convocatoria-Getty-1-1024x720.png 1024w, https:\/\/amazon.uniandes.edu.co\/wp-content\/uploads\/2023\/02\/destacated-convocatoria-Getty-1-300x211.png 300w, https:\/\/amazon.uniandes.edu.co\/wp-content\/uploads\/2023\/02\/destacated-convocatoria-Getty-1-768x540.png 768w, https:\/\/amazon.uniandes.edu.co\/wp-content\/uploads\/2023\/02\/destacated-convocatoria-Getty-1-1536x1081.png 1536w, https:\/\/amazon.uniandes.edu.co\/wp-content\/uploads\/2023\/02\/destacated-convocatoria-Getty-1.png 1548w\" sizes=\"auto, (max-width: 1024px) 100vw, 1024px\" \/><\/figure><\/div>\n<\/div>\n<\/div><\/div>\n\n\n<p>\u00a0<\/p>\n<p>The Universidad San Francisco de Quito (USFQ), Universidade do Estado do Rio de Janeiro (UERJ), and Universidad de Los Andes (Uniandes, Bogot\u00e1) invite graduate students and junior scholars (with Ph.D. completion no longer than three years before the application deadline) working in art history and related fields, as well as museum staff, to submit applications for the research seminar \u201cThe Amazon Basin as Connecting Borderland.\u201d \u00a0This program is supported by the Getty Foundation as part of its Connecting Art Histories initiative (<a href=\"https:\/\/www.getty.edu\/projects\/connecting-art-histories\/\">https:\/\/www.getty.edu\/projects\/connecting-art-histories\/<\/a>).<\/p>\n<p>The seminar, which brings together scholars from and\/or based in South America, is the second part of a two-year project focused on the art history of the Amazon in the early-modern period, as a bridge that articulates the pre-Columbian past and modernity.<\/p>\n<p>It will be composed of a series of virtual meetings starting in August, 2024 (with one introductory meeting in June), as well as a 10-day in-presence seminar in Bel\u00e9m do Par\u00e1 in the second half of March, 2025. Virtual activities will run through July, 2025, with monthly meetings held on Saturdays between 11:00 and 14:00 BRT.<\/p>\n<p>The traveling section of the seminar will focus on the visual and material culture of the Amazon in the early modern period. At the same time, the series of virtual meetings will prepare these gatherings by giving a broad understanding of the history and culture of the Amazon basin.<\/p>\n<p>Possible research subjects may include, but are not limited to:<\/p>\n<p>&#8211; Cartographic representations of the Amazon from an art historical perspective;<\/p>\n<p>&#8211; The value of ethnohistoric accounts for art history;<\/p>\n<p>&#8211; Transcultural negotiations between missionaries and spiritual representatives of native societies;<\/p>\n<p>&#8211; Indigenous artistic production from the pre-Columbian period to the present;<\/p>\n<p>&#8211; Global circulation of objects, transference agents and exchange circuits;<\/p>\n<p>&#8211; Indigenous knowledge used to transform nature for art materials and techniques;<\/p>\n<p>&#8211; Collecting practices and exhibition of objects from the Amazon region in South America and Europe;<\/p>\n<p>&#8211; Picturing the Amazon in early modernity and beyond.<\/p>\n<p>Participation in the traveling seminar will be funded for scholars who do not live in Bel\u00e9m. Additionally, two junior scholars (postdocs) will receive a small stipend related to specific teaching, coaching and research responsibilities within the project. Participants are expected to produce one contribution for the project&#8217;s blog, one public presentation and one article by the end of the academic year.<\/p>\n<p>The working languages will be Spanish and Portuguese, with readings in English, Spanish and Portuguese.<\/p>\n<p>Participants with indigenous backgrounds and scholars working in the Amazon region will be given special consideration.<\/p>\n<p>Further information about the project can be found at: https:\/\/amazon.uniandes.edu.co\/en\/<\/p>\n<p>Application materials:<\/p>\n<ul>\n<li>Cover letter specifying current academic status (500 words)<\/li>\n<li>C.V. (2 pages max)<\/li>\n<li>Research proposal (700 words)<\/li>\n<li>One letter of recommendation<\/li>\n<\/ul>\n<p>For full consideration the materials should be send by April 1st, 2024 using this form. Participants will be notified of the results by May 1st.<\/p>\n\n\n<iframe\n      id=\"JotFormIFrame-240513381815654\"\n      title=\"La cuenca del Amazonas como zona fronteriza de conexi\u00f3n: examen de las fluidez culturales y art\u00edsticas en el per\u00edodo moderno temprano.\"\n      onload=\"window.parent.scrollTo(0,0)\"\n      allowtransparency=\"true\"\n      allowfullscreen=\"true\"\n      allow=\"geolocation; microphone; camera\"\n      src=\"https:\/\/form.jotform.com\/240513381815654\"\n      frameborder=\"0\"\n      style=\"min-width:100%;max-width:100%;height:539px;border:none;\"\n      scrolling=\"no\"\n    >\n    <\/iframe>\n    <script type=\"text\/javascript\">\n    var ifr = document.getElementById(\"JotFormIFrame-240513381815654\");\n    if (ifr) {\n      var src = ifr.src;\n      var iframeParams = [];\n      if (window.location.href && window.location.href.indexOf(\"?\") > -1) {\n        iframeParams = iframeParams.concat(window.location.href.substr(window.location.href.indexOf(\"?\") + 1).split('&'));\n      }\n      if (src && src.indexOf(\"?\") > -1) {\n        iframeParams = iframeParams.concat(src.substr(src.indexOf(\"?\") + 1).split(\"&\"));\n        src = src.substr(0, src.indexOf(\"?\"))\n      }\n      iframeParams.push(\"isIframeEmbed=1\");\n      ifr.src = src + \"?\" + iframeParams.join('&');\n    }\n    window.handleIFrameMessage = function(e) {\n      if (typeof e.data === 'object') { return; }\n      var args = e.data.split(\":\");\n      if (args.length > 2) { iframe = document.getElementById(\"JotFormIFrame-\" + args[(args.length - 1)]); } else { iframe = document.getElementById(\"JotFormIFrame\"); }\n      if (!iframe) { return; }\n      switch (args[0]) {\n        case \"scrollIntoView\":\n          iframe.scrollIntoView();\n          break;\n        case \"setHeight\":\n          iframe.style.height = args[1] + \"px\";\n          if (!isNaN(args[1]) && parseInt(iframe.style.minHeight) > parseInt(args[1])) {\n            iframe.style.minHeight = args[1] + \"px\";\n          }\n          break;\n        case \"collapseErrorPage\":\n          if (iframe.clientHeight > window.innerHeight) {\n            iframe.style.height = window.innerHeight + \"px\";\n          }\n          break;\n        case \"reloadPage\":\n          window.location.reload();\n          break;\n        case \"loadScript\":\n          if( !window.isPermitted(e.origin, ['jotform.com', 'jotform.pro']) ) { break; }\n          var src = args[1];\n          if (args.length > 3) {\n              src = args[1] + ':' + args[2];\n          }\n          var script = document.createElement('script');\n          script.src = src;\n          script.type = 'text\/javascript';\n          document.body.appendChild(script);\n          break;\n        case \"exitFullscreen\":\n          if      (window.document.exitFullscreen)        window.document.exitFullscreen();\n          else if (window.document.mozCancelFullScreen)   window.document.mozCancelFullScreen();\n          else if (window.document.mozCancelFullscreen)   window.document.mozCancelFullScreen();\n          else if (window.document.webkitExitFullscreen)  window.document.webkitExitFullscreen();\n          else if (window.document.msExitFullscreen)      window.document.msExitFullscreen();\n          break;\n      }\n      var isJotForm = (e.origin.indexOf(\"jotform\") > -1) ? true : false;\n      if(isJotForm && \"contentWindow\" in iframe && \"postMessage\" in iframe.contentWindow) {\n        var urls = {\"docurl\":encodeURIComponent(document.URL),\"referrer\":encodeURIComponent(document.referrer)};\n        iframe.contentWindow.postMessage(JSON.stringify({\"type\":\"urls\",\"value\":urls}), \"*\");\n      }\n    };\n    window.isPermitted = function(originUrl, whitelisted_domains) {\n      var url = document.createElement('a');\n      url.href = originUrl;\n      var hostname = url.hostname;\n      var result = false;\n      if( typeof hostname !== 'undefined' ) {\n        whitelisted_domains.forEach(function(element) {\n            if( hostname.slice((-1 * element.length - 1)) === '.'.concat(element) ||  hostname === element ) {\n                result = true;\n            }\n        });\n        return result;\n      }\n    };\n    if (window.addEventListener) {\n      window.addEventListener(\"message\", handleIFrameMessage, false);\n    } else if (window.attachEvent) {\n      window.attachEvent(\"onmessage\", handleIFrameMessage);\n    }\n    <\/script>\n\n\n\n<p>Any questions may be addressed to: <a href=\"mailto:amazonbasinconnecting@gmail.com\">amazonbasinconnecting@gmail.com<\/a><\/p>\n\n\n\n<p>Project leaders: Carmen Fern\u00e1ndez-Salvador (USFQ), Maria Berbara (UERJ), Patricia Zalamea (Uniandes).<\/p>\n","protected":false},"excerpt":{"rendered":"<p>\u00a0 The Universidad San Francisco de Quito (USFQ), Universidade do Estado do Rio de Janeiro (UERJ), and Universidad de Los Andes (Uniandes, Bogot\u00e1) invite graduate students and junior scholars (with Ph.D. completion no longer than three years before the application deadline) working in art history and related fields, as well as museum staff, to submit [&hellip;]<\/p>\n","protected":false},"author":1,"featured_media":0,"parent":0,"menu_order":0,"comment_status":"closed","ping_status":"closed","template":"","meta":{"_uag_custom_page_level_css":"","site-sidebar-layout":"default","site-content-layout":"","ast-site-content-layout":"default","site-content-style":"default","site-sidebar-style":"default","ast-global-header-display":"","ast-banner-title-visibility":"","ast-main-header-display":"","ast-hfb-above-header-display":"","ast-hfb-below-header-display":"","ast-hfb-mobile-header-display":"","site-post-title":"disabled","ast-breadcrumbs-content":"","ast-featured-img":"","footer-sml-layout":"","ast-disable-related-posts":"","theme-transparent-header-meta":"","adv-header-id-meta":"","stick-header-meta":"","header-above-stick-meta":"","header-main-stick-meta":"","header-below-stick-meta":"","astra-migrate-meta-layouts":"set","ast-page-background-enabled":"default","ast-page-background-meta":{"desktop":{"background-color":"var(--ast-global-color-4)","background-image":"","background-repeat":"repeat","background-position":"center center","background-size":"auto","background-attachment":"scroll","background-type":"","background-media":"","overlay-type":"","overlay-color":"","overlay-opacity":"","overlay-gradient":""},"tablet":{"background-color":"","background-image":"","background-repeat":"repeat","background-position":"center center","background-size":"auto","background-attachment":"scroll","background-type":"","background-media":"","overlay-type":"","overlay-color":"","overlay-opacity":"","overlay-gradient":""},"mobile":{"background-color":"","background-image":"","background-repeat":"repeat","background-position":"center center","background-size":"auto","background-attachment":"scroll","background-type":"","background-media":"","overlay-type":"","overlay-color":"","overlay-opacity":"","overlay-gradient":""}},"ast-content-background-meta":{"desktop":{"background-color":"var(--ast-global-color-5)","background-image":"","background-repeat":"repeat","background-position":"center center","background-size":"auto","background-attachment":"scroll","background-type":"","background-media":"","overlay-type":"","overlay-color":"","overlay-opacity":"","overlay-gradient":""},"tablet":{"background-color":"var(--ast-global-color-5)","background-image":"","background-repeat":"repeat","background-position":"center center","background-size":"auto","background-attachment":"scroll","background-type":"","background-media":"","overlay-type":"","overlay-color":"","overlay-opacity":"","overlay-gradient":""},"mobile":{"background-color":"var(--ast-global-color-5)","background-image":"","background-repeat":"repeat","background-position":"center center","background-size":"auto","background-attachment":"scroll","background-type":"","background-media":"","overlay-type":"","overlay-color":"","overlay-opacity":"","overlay-gradient":""}},"footnotes":""},"class_list":["post-147","page","type-page","status-publish","hentry"],"yoast_head":"<!-- This site is optimized with the Yoast SEO plugin v27.1.1 - https:\/\/yoast.com\/product\/yoast-seo-wordpress\/ -->\n<title>Call for applications - The Amazon Basin as Connecting Borderland: Examining Cultural and Artistic Fluidities in the Early Modern Period - The Amazon Basin as Connecting Borderland: Examining Cultural and Artistic Fluidities in the Early Modern Period<\/title>\n<meta name=\"robots\" content=\"index, follow, max-snippet:-1, max-image-preview:large, max-video-preview:-1\" \/>\n<link rel=\"canonical\" href=\"https:\/\/amazon.uniandes.edu.co\/convocatoria\/\" \/>\n<meta property=\"og:locale\" content=\"en_US\" \/>\n<meta property=\"og:type\" content=\"article\" \/>\n<meta property=\"og:title\" content=\"Call for applications - The Amazon Basin as Connecting Borderland: Examining Cultural and Artistic Fluidities in the Early Modern Period - The Amazon Basin as Connecting Borderland: Examining Cultural and Artistic Fluidities in the Early Modern Period\" \/>\n<meta property=\"og:description\" content=\"\u00a0 The Universidad San Francisco de Quito (USFQ), Universidade do Estado do Rio de Janeiro (UERJ), and Universidad de Los Andes (Uniandes, Bogot\u00e1) invite graduate students and junior scholars (with Ph.D. completion no longer than three years before the application deadline) working in art history and related fields, as well as museum staff, to submit [&hellip;]\" \/>\n<meta property=\"og:url\" content=\"https:\/\/amazon.uniandes.edu.co\/convocatoria\/\" \/>\n<meta property=\"og:site_name\" content=\"The Amazon Basin as Connecting Borderland: Examining Cultural and Artistic Fluidities in the Early Modern Period\" \/>\n<meta property=\"article:modified_time\" content=\"2024-02-23T16:51:06+00:00\" \/>\n<meta property=\"og:image\" content=\"https:\/\/amazon.uniandes.edu.co\/wp-content\/uploads\/2023\/02\/destacated-convocatoria-Getty-1-1024x720.png\" \/>\n<meta name=\"twitter:card\" content=\"summary_large_image\" \/>\n<meta name=\"twitter:label1\" content=\"Est. reading time\" \/>\n\t<meta name=\"twitter:data1\" content=\"3 minutes\" \/>\n<script type=\"application\/ld+json\" class=\"yoast-schema-graph\">{\"@context\":\"https:\/\/schema.org\",\"@graph\":[{\"@type\":\"WebPage\",\"@id\":\"https:\/\/amazon.uniandes.edu.co\/convocatoria\/\",\"url\":\"https:\/\/amazon.uniandes.edu.co\/convocatoria\/\",\"name\":\"Call for applications - The Amazon Basin as Connecting Borderland: Examining Cultural and Artistic Fluidities in the Early Modern Period - The Amazon Basin as Connecting Borderland: Examining Cultural and Artistic Fluidities in the Early Modern Period\",\"isPartOf\":{\"@id\":\"https:\/\/amazon.uniandes.edu.co\/#website\"},\"primaryImageOfPage\":{\"@id\":\"https:\/\/amazon.uniandes.edu.co\/convocatoria\/#primaryimage\"},\"image\":{\"@id\":\"https:\/\/amazon.uniandes.edu.co\/convocatoria\/#primaryimage\"},\"thumbnailUrl\":\"https:\/\/amazon.uniandes.edu.co\/wp-content\/uploads\/2023\/02\/destacated-convocatoria-Getty-1-1024x720.png\",\"datePublished\":\"2023-02-03T16:04:06+00:00\",\"dateModified\":\"2024-02-23T16:51:06+00:00\",\"breadcrumb\":{\"@id\":\"https:\/\/amazon.uniandes.edu.co\/convocatoria\/#breadcrumb\"},\"inLanguage\":\"en-US\",\"potentialAction\":[{\"@type\":\"ReadAction\",\"target\":[\"https:\/\/amazon.uniandes.edu.co\/convocatoria\/\"]}]},{\"@type\":\"ImageObject\",\"inLanguage\":\"en-US\",\"@id\":\"https:\/\/amazon.uniandes.edu.co\/convocatoria\/#primaryimage\",\"url\":\"https:\/\/amazon.uniandes.edu.co\/wp-content\/uploads\/2023\/02\/destacated-convocatoria-Getty-1-1024x720.png\",\"contentUrl\":\"https:\/\/amazon.uniandes.edu.co\/wp-content\/uploads\/2023\/02\/destacated-convocatoria-Getty-1-1024x720.png\"},{\"@type\":\"BreadcrumbList\",\"@id\":\"https:\/\/amazon.uniandes.edu.co\/convocatoria\/#breadcrumb\",\"itemListElement\":[{\"@type\":\"ListItem\",\"position\":1,\"name\":\"Portada\",\"item\":\"https:\/\/amazon.uniandes.edu.co\/en\/\"},{\"@type\":\"ListItem\",\"position\":2,\"name\":\"Call for applications &#8211; The Amazon Basin as Connecting Borderland: Examining Cultural and Artistic Fluidities in the Early Modern Period\"}]},{\"@type\":\"WebSite\",\"@id\":\"https:\/\/amazon.uniandes.edu.co\/#website\",\"url\":\"https:\/\/amazon.uniandes.edu.co\/\",\"name\":\"The Amazon Basin as Connecting Borderland: Examining Cultural and Artistic Fluidities in the Early Modern Period\",\"description\":\"\",\"publisher\":{\"@id\":\"https:\/\/amazon.uniandes.edu.co\/#organization\"},\"potentialAction\":[{\"@type\":\"SearchAction\",\"target\":{\"@type\":\"EntryPoint\",\"urlTemplate\":\"https:\/\/amazon.uniandes.edu.co\/?s={search_term_string}\"},\"query-input\":{\"@type\":\"PropertyValueSpecification\",\"valueRequired\":true,\"valueName\":\"search_term_string\"}}],\"inLanguage\":\"en-US\"},{\"@type\":\"Organization\",\"@id\":\"https:\/\/amazon.uniandes.edu.co\/#organization\",\"name\":\"The Amazon Basin as Connecting Borderland: Examining Cultural and Artistic Fluidities in the Early Modern Period\",\"url\":\"https:\/\/amazon.uniandes.edu.co\/\",\"logo\":{\"@type\":\"ImageObject\",\"inLanguage\":\"en-US\",\"@id\":\"https:\/\/amazon.uniandes.edu.co\/#\/schema\/logo\/image\/\",\"url\":\"https:\/\/amazon.uniandes.edu.co\/wp-content\/uploads\/2023\/02\/amazon-basin-logo-blanco.png\",\"contentUrl\":\"https:\/\/amazon.uniandes.edu.co\/wp-content\/uploads\/2023\/02\/amazon-basin-logo-blanco.png\",\"width\":1920,\"height\":769,\"caption\":\"The Amazon Basin as Connecting Borderland: Examining Cultural and Artistic Fluidities in the Early Modern Period\"},\"image\":{\"@id\":\"https:\/\/amazon.uniandes.edu.co\/#\/schema\/logo\/image\/\"}}]}<\/script>\n<!-- \/ Yoast SEO plugin. -->","yoast_head_json":{"title":"Call for applications - The Amazon Basin as Connecting Borderland: Examining Cultural and Artistic Fluidities in the Early Modern Period - The Amazon Basin as Connecting Borderland: Examining Cultural and Artistic Fluidities in the Early Modern Period","robots":{"index":"index","follow":"follow","max-snippet":"max-snippet:-1","max-image-preview":"max-image-preview:large","max-video-preview":"max-video-preview:-1"},"canonical":"https:\/\/amazon.uniandes.edu.co\/convocatoria\/","og_locale":"en_US","og_type":"article","og_title":"Call for applications - The Amazon Basin as Connecting Borderland: Examining Cultural and Artistic Fluidities in the Early Modern Period - The Amazon Basin as Connecting Borderland: Examining Cultural and Artistic Fluidities in the Early Modern Period","og_description":"\u00a0 The Universidad San Francisco de Quito (USFQ), Universidade do Estado do Rio de Janeiro (UERJ), and Universidad de Los Andes (Uniandes, Bogot\u00e1) invite graduate students and junior scholars (with Ph.D. completion no longer than three years before the application deadline) working in art history and related fields, as well as museum staff, to submit [&hellip;]","og_url":"https:\/\/amazon.uniandes.edu.co\/convocatoria\/","og_site_name":"The Amazon Basin as Connecting Borderland: Examining Cultural and Artistic Fluidities in the Early Modern Period","article_modified_time":"2024-02-23T16:51:06+00:00","og_image":[{"url":"https:\/\/amazon.uniandes.edu.co\/wp-content\/uploads\/2023\/02\/destacated-convocatoria-Getty-1-1024x720.png","type":"","width":"","height":""}],"twitter_card":"summary_large_image","twitter_misc":{"Est. reading time":"3 minutes"},"schema":{"@context":"https:\/\/schema.org","@graph":[{"@type":"WebPage","@id":"https:\/\/amazon.uniandes.edu.co\/convocatoria\/","url":"https:\/\/amazon.uniandes.edu.co\/convocatoria\/","name":"Call for applications - The Amazon Basin as Connecting Borderland: Examining Cultural and Artistic Fluidities in the Early Modern Period - The Amazon Basin as Connecting Borderland: Examining Cultural and Artistic Fluidities in the Early Modern Period","isPartOf":{"@id":"https:\/\/amazon.uniandes.edu.co\/#website"},"primaryImageOfPage":{"@id":"https:\/\/amazon.uniandes.edu.co\/convocatoria\/#primaryimage"},"image":{"@id":"https:\/\/amazon.uniandes.edu.co\/convocatoria\/#primaryimage"},"thumbnailUrl":"https:\/\/amazon.uniandes.edu.co\/wp-content\/uploads\/2023\/02\/destacated-convocatoria-Getty-1-1024x720.png","datePublished":"2023-02-03T16:04:06+00:00","dateModified":"2024-02-23T16:51:06+00:00","breadcrumb":{"@id":"https:\/\/amazon.uniandes.edu.co\/convocatoria\/#breadcrumb"},"inLanguage":"en-US","potentialAction":[{"@type":"ReadAction","target":["https:\/\/amazon.uniandes.edu.co\/convocatoria\/"]}]},{"@type":"ImageObject","inLanguage":"en-US","@id":"https:\/\/amazon.uniandes.edu.co\/convocatoria\/#primaryimage","url":"https:\/\/amazon.uniandes.edu.co\/wp-content\/uploads\/2023\/02\/destacated-convocatoria-Getty-1-1024x720.png","contentUrl":"https:\/\/amazon.uniandes.edu.co\/wp-content\/uploads\/2023\/02\/destacated-convocatoria-Getty-1-1024x720.png"},{"@type":"BreadcrumbList","@id":"https:\/\/amazon.uniandes.edu.co\/convocatoria\/#breadcrumb","itemListElement":[{"@type":"ListItem","position":1,"name":"Portada","item":"https:\/\/amazon.uniandes.edu.co\/en\/"},{"@type":"ListItem","position":2,"name":"Call for applications &#8211; The Amazon Basin as Connecting Borderland: Examining Cultural and Artistic Fluidities in the Early Modern Period"}]},{"@type":"WebSite","@id":"https:\/\/amazon.uniandes.edu.co\/#website","url":"https:\/\/amazon.uniandes.edu.co\/","name":"The Amazon Basin as Connecting Borderland: Examining Cultural and Artistic Fluidities in the Early Modern Period","description":"","publisher":{"@id":"https:\/\/amazon.uniandes.edu.co\/#organization"},"potentialAction":[{"@type":"SearchAction","target":{"@type":"EntryPoint","urlTemplate":"https:\/\/amazon.uniandes.edu.co\/?s={search_term_string}"},"query-input":{"@type":"PropertyValueSpecification","valueRequired":true,"valueName":"search_term_string"}}],"inLanguage":"en-US"},{"@type":"Organization","@id":"https:\/\/amazon.uniandes.edu.co\/#organization","name":"The Amazon Basin as Connecting Borderland: Examining Cultural and Artistic Fluidities in the Early Modern Period","url":"https:\/\/amazon.uniandes.edu.co\/","logo":{"@type":"ImageObject","inLanguage":"en-US","@id":"https:\/\/amazon.uniandes.edu.co\/#\/schema\/logo\/image\/","url":"https:\/\/amazon.uniandes.edu.co\/wp-content\/uploads\/2023\/02\/amazon-basin-logo-blanco.png","contentUrl":"https:\/\/amazon.uniandes.edu.co\/wp-content\/uploads\/2023\/02\/amazon-basin-logo-blanco.png","width":1920,"height":769,"caption":"The Amazon Basin as Connecting Borderland: Examining Cultural and Artistic Fluidities in the Early Modern Period"},"image":{"@id":"https:\/\/amazon.uniandes.edu.co\/#\/schema\/logo\/image\/"}}]}},"uagb_featured_image_src":{"full":false,"thumbnail":false,"medium":false,"medium_large":false,"large":false,"1536x1536":false,"2048x2048":false},"uagb_author_info":{"display_name":"gcastane@uniandes.edu.co","author_link":"https:\/\/amazon.uniandes.edu.co\/en\/author\/gcastane\/"},"uagb_comment_info":0,"uagb_excerpt":"\u00a0 The Universidad San Francisco de Quito (USFQ), Universidade do Estado do Rio de Janeiro (UERJ), and Universidad de Los Andes (Uniandes, Bogot\u00e1) invite graduate students and junior scholars (with Ph.D. completion no longer than three years before the application deadline) working in art history and related fields, as well as museum staff, to submit&hellip;","_links":{"self":[{"href":"https:\/\/amazon.uniandes.edu.co\/en\/wp-json\/wp\/v2\/pages\/147","targetHints":{"allow":["GET"]}}],"collection":[{"href":"https:\/\/amazon.uniandes.edu.co\/en\/wp-json\/wp\/v2\/pages"}],"about":[{"href":"https:\/\/amazon.uniandes.edu.co\/en\/wp-json\/wp\/v2\/types\/page"}],"author":[{"embeddable":true,"href":"https:\/\/amazon.uniandes.edu.co\/en\/wp-json\/wp\/v2\/users\/1"}],"replies":[{"embeddable":true,"href":"https:\/\/amazon.uniandes.edu.co\/en\/wp-json\/wp\/v2\/comments?post=147"}],"version-history":[{"count":12,"href":"https:\/\/amazon.uniandes.edu.co\/en\/wp-json\/wp\/v2\/pages\/147\/revisions"}],"predecessor-version":[{"id":951,"href":"https:\/\/amazon.uniandes.edu.co\/en\/wp-json\/wp\/v2\/pages\/147\/revisions\/951"}],"wp:attachment":[{"href":"https:\/\/amazon.uniandes.edu.co\/en\/wp-json\/wp\/v2\/media?parent=147"}],"curies":[{"name":"wp","href":"https:\/\/api.w.org\/{rel}","templated":true}]}}