{"id":207,"date":"2023-02-02T15:08:28","date_gmt":"2023-02-02T20:08:28","guid":{"rendered":"https:\/\/amazon.uniandes.edu.co\/?page_id=207"},"modified":"2023-03-09T08:46:43","modified_gmt":"2023-03-09T13:46:43","slug":"inicio","status":"publish","type":"page","link":"https:\/\/amazon.uniandes.edu.co\/pt-pt\/","title":{"rendered":"Inicio"},"content":{"rendered":"\n<div class=\"wp-block-cover alignfull\" style=\"min-height:500px;aspect-ratio:unset;\"><span aria-hidden=\"true\" class=\"wp-block-cover__background has-background-dim-90 has-background-dim\" style=\"background-color:#207ada\"><\/span><img loading=\"lazy\" decoding=\"async\" width=\"1920\" height=\"1080\" class=\"wp-block-cover__image-background wp-image-111\" alt=\"\" src=\"https:\/\/amazon.uniandes.edu.co\/wp-content\/uploads\/2023\/02\/fondo-amazon-basin-1.png\" data-object-fit=\"cover\" srcset=\"https:\/\/amazon.uniandes.edu.co\/wp-content\/uploads\/2023\/02\/fondo-amazon-basin-1.png 1920w, https:\/\/amazon.uniandes.edu.co\/wp-content\/uploads\/2023\/02\/fondo-amazon-basin-1-300x169.png 300w, https:\/\/amazon.uniandes.edu.co\/wp-content\/uploads\/2023\/02\/fondo-amazon-basin-1-1024x576.png 1024w, https:\/\/amazon.uniandes.edu.co\/wp-content\/uploads\/2023\/02\/fondo-amazon-basin-1-768x432.png 768w, https:\/\/amazon.uniandes.edu.co\/wp-content\/uploads\/2023\/02\/fondo-amazon-basin-1-1536x864.png 1536w\" sizes=\"auto, (max-width: 1920px) 100vw, 1920px\" \/><div class=\"wp-block-cover__inner-container is-layout-flow wp-block-cover-is-layout-flow\">\n<div class=\"inherit-container-width wp-block-group alignwide is-layout-constrained wp-block-group-is-layout-constrained\">\n<div class=\"wp-block-media-text alignwide has-media-on-the-right is-stacked-on-mobile is-vertically-aligned-center has-background has-small-font-size\" style=\"background-color:#00000000;grid-template-columns:auto 42%\"><div class=\"wp-block-media-text__content\">\n<h2 class=\"has-text-align-left has-white-color has-text-color wp-block-heading\"><strong><strong>Conectar a fronteira amaz\u00f4nica:<\/strong><\/strong><\/h2>\n\n\n\n<h3 class=\"wp-block-heading\">fluidez art\u00edstica e cultural na primeira modernidade<\/h3>\n\n\n\n<div class=\"wp-block-buttons alignwide is-layout-flex wp-block-buttons-is-layout-flex\">\n<div class=\"wp-block-button is-style-fill\"><a class=\"wp-block-button__link has-ast-global-color-6-background-color has-background wp-element-button\" href=\"#Sobre-o-projeto\">Sobre o projeto<\/a><\/div>\n<\/div>\n<\/div><figure class=\"wp-block-media-text__media\"><img loading=\"lazy\" decoding=\"async\" width=\"1024\" height=\"1024\" src=\"https:\/\/amazon.uniandes.edu.co\/wp-content\/uploads\/2023\/02\/Amazon-basin-grande-1-1024x1024.png\" alt=\"\" class=\"wp-image-119 size-full\" srcset=\"https:\/\/amazon.uniandes.edu.co\/wp-content\/uploads\/2023\/02\/Amazon-basin-grande-1-1024x1024.png 1024w, https:\/\/amazon.uniandes.edu.co\/wp-content\/uploads\/2023\/02\/Amazon-basin-grande-1-300x300.png 300w, https:\/\/amazon.uniandes.edu.co\/wp-content\/uploads\/2023\/02\/Amazon-basin-grande-1-150x150.png 150w, https:\/\/amazon.uniandes.edu.co\/wp-content\/uploads\/2023\/02\/Amazon-basin-grande-1-768x768.png 768w, https:\/\/amazon.uniandes.edu.co\/wp-content\/uploads\/2023\/02\/Amazon-basin-grande-1.png 1080w\" sizes=\"auto, (max-width: 1024px) 100vw, 1024px\" \/><\/figure><\/div>\n<\/div>\n<\/div><\/div>\n\n\n\n<div class=\"wp-block-uagb-container uagb-block-4baac284 alignfull uagb-is-root-container\"><div class=\"uagb-container-inner-blocks-wrap\">\n<div class=\"wp-block-uagb-container uagb-block-d390280a\">\n<figure class=\"wp-block-image aligncenter size-large is-resized\"><img loading=\"lazy\" decoding=\"async\" src=\"https:\/\/amazon.uniandes.edu.co\/wp-content\/uploads\/2023\/02\/Getty_Foundation_Basic_Stack_Blue_RGB-1024x393.png\" alt=\"\" class=\"wp-image-27\" width=\"213\" height=\"81\" srcset=\"https:\/\/amazon.uniandes.edu.co\/wp-content\/uploads\/2023\/02\/Getty_Foundation_Basic_Stack_Blue_RGB-1024x393.png 1024w, https:\/\/amazon.uniandes.edu.co\/wp-content\/uploads\/2023\/02\/Getty_Foundation_Basic_Stack_Blue_RGB-300x115.png 300w, https:\/\/amazon.uniandes.edu.co\/wp-content\/uploads\/2023\/02\/Getty_Foundation_Basic_Stack_Blue_RGB-768x295.png 768w, https:\/\/amazon.uniandes.edu.co\/wp-content\/uploads\/2023\/02\/Getty_Foundation_Basic_Stack_Blue_RGB-1536x590.png 1536w, https:\/\/amazon.uniandes.edu.co\/wp-content\/uploads\/2023\/02\/Getty_Foundation_Basic_Stack_Blue_RGB.png 1920w\" sizes=\"auto, (max-width: 213px) 100vw, 213px\" \/><\/figure>\n<\/div>\n\n\n\n<div class=\"wp-block-uagb-container uagb-block-49913355\">\n<figure class=\"wp-block-image aligncenter size-large is-resized\"><img loading=\"lazy\" decoding=\"async\" src=\"https:\/\/amazon.uniandes.edu.co\/wp-content\/uploads\/2023\/02\/logo-uerj-color-930x1024.jpg\" alt=\"\" class=\"wp-image-30\" width=\"110\" height=\"120\" srcset=\"https:\/\/amazon.uniandes.edu.co\/wp-content\/uploads\/2023\/02\/logo-uerj-color-930x1024.jpg 930w, https:\/\/amazon.uniandes.edu.co\/wp-content\/uploads\/2023\/02\/logo-uerj-color-273x300.jpg 273w, https:\/\/amazon.uniandes.edu.co\/wp-content\/uploads\/2023\/02\/logo-uerj-color-768x845.jpg 768w, https:\/\/amazon.uniandes.edu.co\/wp-content\/uploads\/2023\/02\/logo-uerj-color.jpg 1214w\" sizes=\"auto, (max-width: 110px) 100vw, 110px\" \/><\/figure>\n<\/div>\n\n\n\n<div class=\"wp-block-uagb-container uagb-block-cb915153\">\n<figure class=\"wp-block-image aligncenter size-large is-resized\"><img loading=\"lazy\" decoding=\"async\" src=\"https:\/\/amazon.uniandes.edu.co\/wp-content\/uploads\/2023\/02\/USFQ-1024x419.png\" alt=\"\" class=\"wp-image-33\" width=\"205\" height=\"84\" srcset=\"https:\/\/amazon.uniandes.edu.co\/wp-content\/uploads\/2023\/02\/USFQ-1024x419.png 1024w, https:\/\/amazon.uniandes.edu.co\/wp-content\/uploads\/2023\/02\/USFQ-300x123.png 300w, https:\/\/amazon.uniandes.edu.co\/wp-content\/uploads\/2023\/02\/USFQ-768x314.png 768w, https:\/\/amazon.uniandes.edu.co\/wp-content\/uploads\/2023\/02\/USFQ-1536x628.png 1536w, https:\/\/amazon.uniandes.edu.co\/wp-content\/uploads\/2023\/02\/USFQ.png 1920w\" sizes=\"auto, (max-width: 205px) 100vw, 205px\" \/><\/figure>\n<\/div>\n\n\n\n<div class=\"wp-block-uagb-container uagb-block-dc5edfd4\">\n<figure class=\"wp-block-image size-large is-resized\"><img loading=\"lazy\" decoding=\"async\" src=\"https:\/\/amazon.uniandes.edu.co\/wp-content\/uploads\/2023\/02\/Andes-1024x398.png\" alt=\"\" class=\"wp-image-36\" width=\"204\" height=\"78\" srcset=\"https:\/\/amazon.uniandes.edu.co\/wp-content\/uploads\/2023\/02\/Andes-1024x398.png 1024w, https:\/\/amazon.uniandes.edu.co\/wp-content\/uploads\/2023\/02\/Andes-768x299.png 768w, https:\/\/amazon.uniandes.edu.co\/wp-content\/uploads\/2023\/02\/Andes-1536x598.png 1536w, https:\/\/amazon.uniandes.edu.co\/wp-content\/uploads\/2023\/02\/Andes.png 1920w\" sizes=\"auto, (max-width: 204px) 100vw, 204px\" \/><\/figure>\n<\/div>\n<\/div><\/div>\n\n\n\n<div class=\"wp-block-group alignfull has-ast-global-color-4-background-color has-background is-content-justification-center is-layout-constrained wp-container-core-group-is-layout-b2ae4bee wp-block-group-is-layout-constrained\" id=\"about-the-project\">\n<h2 class=\"has-text-align-center wp-block-heading\">Sobre o projeto<\/h2>\n\n\n\n<p class=\"has-text-align-center\" style=\"margin-top:0rem;margin-right:0rem;margin-bottom:0rem;margin-left:0rem;padding-top:var(--wp--preset--spacing--60);padding-right:0;padding-bottom:0;padding-left:0;font-size:19px\">O &#8220;mundo mediterr\u00e2neo&#8221; e o &#8220;Atl\u00e2ntico&#8221; t\u00eam sido identificados com esferas geogr\u00e1ficas e culturais supranacionais onde v\u00e1rias tradi\u00e7\u00f5es entremesclam-se e transformam-se de modo din\u00e2mico. Por outro lado, a Amaz\u00f4nia, concebida enquanto um espa\u00e7o intercultural global da primeira modernidade, vem recebendo menos aten\u00e7\u00e3o acad\u00eamica. Ao enfatizar a diversidade cultural da regi\u00e3o nos s\u00e9culos XVI, XVII e XVIII, este projeto procura ressaltar a import\u00e2ncia da Amaz\u00f4nia enquanto um local de produ\u00e7\u00e3o art\u00edstica e cultural neste per\u00edodo. Embora reconhe\u00e7a a exist\u00eancia das rela\u00e7\u00f5es de poder violentas e assim\u00e9tricas que caracterizaram o colonialismo, &#8220;Conectar a Fronteira Amaz\u00f4nica&#8221; busca iluminar cria\u00e7\u00f5es art\u00edsticas inovadoras enquanto resultado da converg\u00eancia, negocia\u00e7\u00e3o, adapta\u00e7\u00e3o e apropria\u00e7\u00e3o de conhecimentos locais e importados, tradi\u00e7\u00f5es art\u00edsticas, materiais e objetos. Ao enfatizar a fluidez e interconex\u00e3o geogr\u00e1fica da regi\u00e3o, o projeto procura, ainda, considerar o espa\u00e7o amaz\u00f4nico al\u00e9m de fronteiras pol\u00edticas e lingu\u00edsticas, concebendo-o como um local de encontro para acad\u00eamicos cujos pa\u00edses unem-se pelo rio Amazonas e seus afluentes. O semin\u00e1rio reunir\u00e1 18 doutorandos e rec\u00e9m doutores, assim como especialistas em estudos amaz\u00f4nicos e comunidades locais, a fim de estabelecer aprendizados, trocar ideias e fomentar redes acad\u00eamicas regionais.<\/p>\n<\/div>\n\n\n\n<div class=\"wp-block-group alignfull has-background is-layout-constrained wp-container-core-group-is-layout-cfcca693 wp-block-group-is-layout-constrained\" id=\"contact\" style=\"background-color:#217ad9;padding-top:104px;padding-bottom:104px\">\n<h2 class=\"has-text-align-center has-text-color wp-block-heading\" style=\"color:#ffffff\">Convocat\u00f3ria aberta<\/h2>\n\n\n\n<div class=\"wp-block-buttons alignwide is-horizontal is-content-justification-center is-layout-flex wp-container-core-buttons-is-layout-bba8380a wp-block-buttons-is-layout-flex\" style=\"margin-top:50px\">\n<div class=\"wp-block-button\"><a class=\"wp-block-button__link wp-element-button\" href=\"https:\/\/amazon.uniandes.edu.co\/pt-pt\/convocatoria\/\" target=\"_blank\" rel=\"noreferrer noopener\">Mais informa\u00e7\u00e3o<\/a><\/div>\n<\/div>\n<\/div>\n","protected":false},"excerpt":{"rendered":"<p>Sobre o projeto O &#8220;mundo mediterr\u00e2neo&#8221; e o &#8220;Atl\u00e2ntico&#8221; t\u00eam sido identificados com esferas geogr\u00e1ficas e culturais supranacionais onde v\u00e1rias tradi\u00e7\u00f5es entremesclam-se e transformam-se de modo din\u00e2mico. Por outro lado, a Amaz\u00f4nia, concebida enquanto um espa\u00e7o intercultural global da primeira modernidade, vem recebendo menos aten\u00e7\u00e3o acad\u00eamica. Ao enfatizar a diversidade cultural da regi\u00e3o nos s\u00e9culos [&hellip;]<\/p>\n","protected":false},"author":1,"featured_media":0,"parent":0,"menu_order":0,"comment_status":"closed","ping_status":"closed","template":"","meta":{"_uag_custom_page_level_css":"","site-sidebar-layout":"no-sidebar","site-content-layout":"plain-container","ast-site-content-layout":"normal-width-container","site-content-style":"unboxed","site-sidebar-style":"unboxed","ast-global-header-display":"","ast-banner-title-visibility":"","ast-main-header-display":"","ast-hfb-above-header-display":"","ast-hfb-below-header-display":"","ast-hfb-mobile-header-display":"","site-post-title":"disabled","ast-breadcrumbs-content":"","ast-featured-img":"","footer-sml-layout":"","ast-disable-related-posts":"","theme-transparent-header-meta":"enabled","adv-header-id-meta":"","stick-header-meta":"","header-above-stick-meta":"","header-main-stick-meta":"","header-below-stick-meta":"","astra-migrate-meta-layouts":"default","ast-page-background-enabled":"default","ast-page-background-meta":{"desktop":{"background-color":"var(--ast-global-color-4)","background-image":"","background-repeat":"repeat","background-position":"center center","background-size":"auto","background-attachment":"scroll","background-type":"","background-media":"","overlay-type":"","overlay-color":"","overlay-opacity":"","overlay-gradient":""},"tablet":{"background-color":"","background-image":"","background-repeat":"repeat","background-position":"center center","background-size":"auto","background-attachment":"scroll","background-type":"","background-media":"","overlay-type":"","overlay-color":"","overlay-opacity":"","overlay-gradient":""},"mobile":{"background-color":"","background-image":"","background-repeat":"repeat","background-position":"center center","background-size":"auto","background-attachment":"scroll","background-type":"","background-media":"","overlay-type":"","overlay-color":"","overlay-opacity":"","overlay-gradient":""}},"ast-content-background-meta":{"desktop":{"background-color":"var(--ast-global-color-5)","background-image":"","background-repeat":"repeat","background-position":"center center","background-size":"auto","background-attachment":"scroll","background-type":"","background-media":"","overlay-type":"","overlay-color":"","overlay-opacity":"","overlay-gradient":""},"tablet":{"background-color":"var(--ast-global-color-5)","background-image":"","background-repeat":"repeat","background-position":"center center","background-size":"auto","background-attachment":"scroll","background-type":"","background-media":"","overlay-type":"","overlay-color":"","overlay-opacity":"","overlay-gradient":""},"mobile":{"background-color":"var(--ast-global-color-5)","background-image":"","background-repeat":"repeat","background-position":"center center","background-size":"auto","background-attachment":"scroll","background-type":"","background-media":"","overlay-type":"","overlay-color":"","overlay-opacity":"","overlay-gradient":""}},"footnotes":""},"class_list":["post-207","page","type-page","status-publish","hentry"],"yoast_head":"<!-- This site is optimized with the Yoast SEO plugin v27.1.1 - https:\/\/yoast.com\/product\/yoast-seo-wordpress\/ -->\n<title>Inicio - The Amazon Basin as Connecting Borderland: Examining Cultural and Artistic Fluidities in the Early Modern Period<\/title>\n<meta name=\"robots\" content=\"index, follow, max-snippet:-1, max-image-preview:large, max-video-preview:-1\" \/>\n<link rel=\"canonical\" href=\"https:\/\/amazon.uniandes.edu.co\/\" \/>\n<meta property=\"og:locale\" content=\"pt_PT\" \/>\n<meta property=\"og:type\" content=\"article\" \/>\n<meta property=\"og:title\" content=\"Inicio - The Amazon Basin as Connecting Borderland: Examining Cultural and Artistic Fluidities in the Early Modern Period\" \/>\n<meta property=\"og:description\" content=\"Sobre o projeto O &#8220;mundo mediterr\u00e2neo&#8221; e o &#8220;Atl\u00e2ntico&#8221; t\u00eam sido identificados com esferas geogr\u00e1ficas e culturais supranacionais onde v\u00e1rias tradi\u00e7\u00f5es entremesclam-se e transformam-se de modo din\u00e2mico. Por outro lado, a Amaz\u00f4nia, concebida enquanto um espa\u00e7o intercultural global da primeira modernidade, vem recebendo menos aten\u00e7\u00e3o acad\u00eamica. Ao enfatizar a diversidade cultural da regi\u00e3o nos s\u00e9culos [&hellip;]\" \/>\n<meta property=\"og:url\" content=\"https:\/\/amazon.uniandes.edu.co\/\" \/>\n<meta property=\"og:site_name\" content=\"The Amazon Basin as Connecting Borderland: Examining Cultural and Artistic Fluidities in the Early Modern Period\" \/>\n<meta property=\"article:modified_time\" content=\"2023-03-09T13:46:43+00:00\" \/>\n<meta property=\"og:image\" content=\"https:\/\/amazon.uniandes.edu.co\/wp-content\/uploads\/2023\/02\/fondo-amazon-basin-1.png\" \/>\n<meta name=\"twitter:card\" content=\"summary_large_image\" \/>\n<meta name=\"twitter:label1\" content=\"Tempo estimado de leitura\" \/>\n\t<meta name=\"twitter:data1\" content=\"1 minuto\" \/>\n<script type=\"application\/ld+json\" class=\"yoast-schema-graph\">{\"@context\":\"https:\/\/schema.org\",\"@graph\":[{\"@type\":\"WebPage\",\"@id\":\"https:\/\/amazon.uniandes.edu.co\/\",\"url\":\"https:\/\/amazon.uniandes.edu.co\/\",\"name\":\"Inicio - The Amazon Basin as Connecting Borderland: Examining Cultural and Artistic Fluidities in the Early Modern Period\",\"isPartOf\":{\"@id\":\"https:\/\/amazon.uniandes.edu.co\/#website\"},\"primaryImageOfPage\":{\"@id\":\"https:\/\/amazon.uniandes.edu.co\/#primaryimage\"},\"image\":{\"@id\":\"https:\/\/amazon.uniandes.edu.co\/#primaryimage\"},\"thumbnailUrl\":\"https:\/\/amazon.uniandes.edu.co\/wp-content\/uploads\/2023\/02\/fondo-amazon-basin-1.png\",\"datePublished\":\"2023-02-02T20:08:28+00:00\",\"dateModified\":\"2023-03-09T13:46:43+00:00\",\"breadcrumb\":{\"@id\":\"https:\/\/amazon.uniandes.edu.co\/#breadcrumb\"},\"inLanguage\":\"pt-PT\",\"potentialAction\":[{\"@type\":\"ReadAction\",\"target\":[\"https:\/\/amazon.uniandes.edu.co\/\"]}]},{\"@type\":\"ImageObject\",\"inLanguage\":\"pt-PT\",\"@id\":\"https:\/\/amazon.uniandes.edu.co\/#primaryimage\",\"url\":\"https:\/\/amazon.uniandes.edu.co\/wp-content\/uploads\/2023\/02\/fondo-amazon-basin-1.png\",\"contentUrl\":\"https:\/\/amazon.uniandes.edu.co\/wp-content\/uploads\/2023\/02\/fondo-amazon-basin-1.png\"},{\"@type\":\"BreadcrumbList\",\"@id\":\"https:\/\/amazon.uniandes.edu.co\/#breadcrumb\",\"itemListElement\":[{\"@type\":\"ListItem\",\"position\":1,\"name\":\"Portada\",\"item\":\"https:\/\/amazon.uniandes.edu.co\/\"},{\"@type\":\"ListItem\",\"position\":2,\"name\":\"Inicio\"}]},{\"@type\":\"WebSite\",\"@id\":\"https:\/\/amazon.uniandes.edu.co\/#website\",\"url\":\"https:\/\/amazon.uniandes.edu.co\/\",\"name\":\"The Amazon Basin as Connecting Borderland: Examining Cultural and Artistic Fluidities in the Early Modern Period\",\"description\":\"\",\"publisher\":{\"@id\":\"https:\/\/amazon.uniandes.edu.co\/#organization\"},\"potentialAction\":[{\"@type\":\"SearchAction\",\"target\":{\"@type\":\"EntryPoint\",\"urlTemplate\":\"https:\/\/amazon.uniandes.edu.co\/?s={search_term_string}\"},\"query-input\":{\"@type\":\"PropertyValueSpecification\",\"valueRequired\":true,\"valueName\":\"search_term_string\"}}],\"inLanguage\":\"pt-PT\"},{\"@type\":\"Organization\",\"@id\":\"https:\/\/amazon.uniandes.edu.co\/#organization\",\"name\":\"The Amazon Basin as Connecting Borderland: Examining Cultural and Artistic Fluidities in the Early Modern Period\",\"url\":\"https:\/\/amazon.uniandes.edu.co\/\",\"logo\":{\"@type\":\"ImageObject\",\"inLanguage\":\"pt-PT\",\"@id\":\"https:\/\/amazon.uniandes.edu.co\/#\/schema\/logo\/image\/\",\"url\":\"https:\/\/amazon.uniandes.edu.co\/wp-content\/uploads\/2023\/02\/amazon-basin-logo-blanco.png\",\"contentUrl\":\"https:\/\/amazon.uniandes.edu.co\/wp-content\/uploads\/2023\/02\/amazon-basin-logo-blanco.png\",\"width\":1920,\"height\":769,\"caption\":\"The Amazon Basin as Connecting Borderland: Examining Cultural and Artistic Fluidities in the Early Modern Period\"},\"image\":{\"@id\":\"https:\/\/amazon.uniandes.edu.co\/#\/schema\/logo\/image\/\"}}]}<\/script>\n<!-- \/ Yoast SEO plugin. -->","yoast_head_json":{"title":"Inicio - The Amazon Basin as Connecting Borderland: Examining Cultural and Artistic Fluidities in the Early Modern Period","robots":{"index":"index","follow":"follow","max-snippet":"max-snippet:-1","max-image-preview":"max-image-preview:large","max-video-preview":"max-video-preview:-1"},"canonical":"https:\/\/amazon.uniandes.edu.co\/","og_locale":"pt_PT","og_type":"article","og_title":"Inicio - The Amazon Basin as Connecting Borderland: Examining Cultural and Artistic Fluidities in the Early Modern Period","og_description":"Sobre o projeto O &#8220;mundo mediterr\u00e2neo&#8221; e o &#8220;Atl\u00e2ntico&#8221; t\u00eam sido identificados com esferas geogr\u00e1ficas e culturais supranacionais onde v\u00e1rias tradi\u00e7\u00f5es entremesclam-se e transformam-se de modo din\u00e2mico. Por outro lado, a Amaz\u00f4nia, concebida enquanto um espa\u00e7o intercultural global da primeira modernidade, vem recebendo menos aten\u00e7\u00e3o acad\u00eamica. Ao enfatizar a diversidade cultural da regi\u00e3o nos s\u00e9culos [&hellip;]","og_url":"https:\/\/amazon.uniandes.edu.co\/","og_site_name":"The Amazon Basin as Connecting Borderland: Examining Cultural and Artistic Fluidities in the Early Modern Period","article_modified_time":"2023-03-09T13:46:43+00:00","og_image":[{"url":"https:\/\/amazon.uniandes.edu.co\/wp-content\/uploads\/2023\/02\/fondo-amazon-basin-1.png","type":"","width":"","height":""}],"twitter_card":"summary_large_image","twitter_misc":{"Tempo estimado de leitura":"1 minuto"},"schema":{"@context":"https:\/\/schema.org","@graph":[{"@type":"WebPage","@id":"https:\/\/amazon.uniandes.edu.co\/","url":"https:\/\/amazon.uniandes.edu.co\/","name":"Inicio - The Amazon Basin as Connecting Borderland: Examining Cultural and Artistic Fluidities in the Early Modern Period","isPartOf":{"@id":"https:\/\/amazon.uniandes.edu.co\/#website"},"primaryImageOfPage":{"@id":"https:\/\/amazon.uniandes.edu.co\/#primaryimage"},"image":{"@id":"https:\/\/amazon.uniandes.edu.co\/#primaryimage"},"thumbnailUrl":"https:\/\/amazon.uniandes.edu.co\/wp-content\/uploads\/2023\/02\/fondo-amazon-basin-1.png","datePublished":"2023-02-02T20:08:28+00:00","dateModified":"2023-03-09T13:46:43+00:00","breadcrumb":{"@id":"https:\/\/amazon.uniandes.edu.co\/#breadcrumb"},"inLanguage":"pt-PT","potentialAction":[{"@type":"ReadAction","target":["https:\/\/amazon.uniandes.edu.co\/"]}]},{"@type":"ImageObject","inLanguage":"pt-PT","@id":"https:\/\/amazon.uniandes.edu.co\/#primaryimage","url":"https:\/\/amazon.uniandes.edu.co\/wp-content\/uploads\/2023\/02\/fondo-amazon-basin-1.png","contentUrl":"https:\/\/amazon.uniandes.edu.co\/wp-content\/uploads\/2023\/02\/fondo-amazon-basin-1.png"},{"@type":"BreadcrumbList","@id":"https:\/\/amazon.uniandes.edu.co\/#breadcrumb","itemListElement":[{"@type":"ListItem","position":1,"name":"Portada","item":"https:\/\/amazon.uniandes.edu.co\/"},{"@type":"ListItem","position":2,"name":"Inicio"}]},{"@type":"WebSite","@id":"https:\/\/amazon.uniandes.edu.co\/#website","url":"https:\/\/amazon.uniandes.edu.co\/","name":"The Amazon Basin as Connecting Borderland: Examining Cultural and Artistic Fluidities in the Early Modern Period","description":"","publisher":{"@id":"https:\/\/amazon.uniandes.edu.co\/#organization"},"potentialAction":[{"@type":"SearchAction","target":{"@type":"EntryPoint","urlTemplate":"https:\/\/amazon.uniandes.edu.co\/?s={search_term_string}"},"query-input":{"@type":"PropertyValueSpecification","valueRequired":true,"valueName":"search_term_string"}}],"inLanguage":"pt-PT"},{"@type":"Organization","@id":"https:\/\/amazon.uniandes.edu.co\/#organization","name":"The Amazon Basin as Connecting Borderland: Examining Cultural and Artistic Fluidities in the Early Modern Period","url":"https:\/\/amazon.uniandes.edu.co\/","logo":{"@type":"ImageObject","inLanguage":"pt-PT","@id":"https:\/\/amazon.uniandes.edu.co\/#\/schema\/logo\/image\/","url":"https:\/\/amazon.uniandes.edu.co\/wp-content\/uploads\/2023\/02\/amazon-basin-logo-blanco.png","contentUrl":"https:\/\/amazon.uniandes.edu.co\/wp-content\/uploads\/2023\/02\/amazon-basin-logo-blanco.png","width":1920,"height":769,"caption":"The Amazon Basin as Connecting Borderland: Examining Cultural and Artistic Fluidities in the Early Modern Period"},"image":{"@id":"https:\/\/amazon.uniandes.edu.co\/#\/schema\/logo\/image\/"}}]}},"uagb_featured_image_src":{"full":false,"thumbnail":false,"medium":false,"medium_large":false,"large":false,"1536x1536":false,"2048x2048":false},"uagb_author_info":{"display_name":"gcastane@uniandes.edu.co","author_link":"https:\/\/amazon.uniandes.edu.co\/pt-pt\/author\/gcastane\/"},"uagb_comment_info":0,"uagb_excerpt":"Sobre o projeto O &#8220;mundo mediterr\u00e2neo&#8221; e o &#8220;Atl\u00e2ntico&#8221; t\u00eam sido identificados com esferas geogr\u00e1ficas e culturais supranacionais onde v\u00e1rias tradi\u00e7\u00f5es entremesclam-se e transformam-se de modo din\u00e2mico. Por outro lado, a Amaz\u00f4nia, concebida enquanto um espa\u00e7o intercultural global da primeira modernidade, vem recebendo menos aten\u00e7\u00e3o acad\u00eamica. Ao enfatizar a diversidade cultural da regi\u00e3o nos s\u00e9culos&hellip;","_links":{"self":[{"href":"https:\/\/amazon.uniandes.edu.co\/pt-pt\/wp-json\/wp\/v2\/pages\/207","targetHints":{"allow":["GET"]}}],"collection":[{"href":"https:\/\/amazon.uniandes.edu.co\/pt-pt\/wp-json\/wp\/v2\/pages"}],"about":[{"href":"https:\/\/amazon.uniandes.edu.co\/pt-pt\/wp-json\/wp\/v2\/types\/page"}],"author":[{"embeddable":true,"href":"https:\/\/amazon.uniandes.edu.co\/pt-pt\/wp-json\/wp\/v2\/users\/1"}],"replies":[{"embeddable":true,"href":"https:\/\/amazon.uniandes.edu.co\/pt-pt\/wp-json\/wp\/v2\/comments?post=207"}],"version-history":[{"count":6,"href":"https:\/\/amazon.uniandes.edu.co\/pt-pt\/wp-json\/wp\/v2\/pages\/207\/revisions"}],"predecessor-version":[{"id":408,"href":"https:\/\/amazon.uniandes.edu.co\/pt-pt\/wp-json\/wp\/v2\/pages\/207\/revisions\/408"}],"wp:attachment":[{"href":"https:\/\/amazon.uniandes.edu.co\/pt-pt\/wp-json\/wp\/v2\/media?parent=207"}],"curies":[{"name":"wp","href":"https:\/\/api.w.org\/{rel}","templated":true}]}}