{"id":222,"date":"2023-02-03T11:04:23","date_gmt":"2023-02-03T16:04:23","guid":{"rendered":"https:\/\/amazon.uniandes.edu.co\/?page_id=222"},"modified":"2023-02-15T17:23:32","modified_gmt":"2023-02-15T22:23:32","slug":"seminario","status":"publish","type":"page","link":"https:\/\/amazon.uniandes.edu.co\/pt-pt\/seminario\/","title":{"rendered":"Seminario"},"content":{"rendered":"\n<div class=\"wp-block-uagb-container uagb-block-a6e5b367 alignwide uagb-is-root-container\">\n<p>Em cada ano do semin\u00e1rio ser\u00e1 realizado um encontro intensivo e presencial, al\u00e9m de reuni\u00f5es virtuais peri\u00f3dicas. Os encontros ter\u00e3o lugar no Equador, em setembro de 2023, e no Brasil, no segundo semestre de 2024. O semin\u00e1rio ir\u00e1 centrar-se na primeira modernidade, e, como prepara\u00e7\u00e3o \u00e0s atividades presenciais, as sess\u00f5es virtuais ofertar\u00e3o aos bolsistas acesso a um amplo conhecimento sobre a hist\u00f3ria e cultura da bacia amaz\u00f4nica. Ser\u00e3o inclu\u00eddos debates, assim como palestras de pesquisadores internacionais especializados em diferentes aspectos da arte e cultural visual amaz\u00f4nica, artistas e artes\u00e3os contempor\u00e2neos.<\/p>\n\n\n\n<p>O primeiro semin\u00e1rio, organizado pela Universidad San Francisco de Quito, incluir\u00e1 viagens a Quito e a Cuenca.<\/p>\n\n\n\n<p>O papel de Quito na explora\u00e7\u00e3o e coloniza\u00e7\u00e3o da Amaz\u00f4nia durante a primeira modernidade \u00e9 fundamental. Nos s\u00e9culos XVII e XVIII, mission\u00e1rios treinados em col\u00e9gios jesu\u00edtas e franciscanos e em semin\u00e1rios de Quito conduziram trabalho apost\u00f3lico na regi\u00e3o. Esses mission\u00e1rios escreveram relatos detalhados sobre a cultura visual e material amaz\u00f4nica e produziram alguns dos primeiros mapeamentos europeus da regi\u00e3o. Mission\u00e1rios tamb\u00e9m garantiram a circula\u00e7\u00e3o de artistas, tecnologias e objetos art\u00edsticos tanto regional quanto globalmente. Nos s\u00e9culos XIX e XX, colecionadores de Quito interessaram-se por objetos arqueol\u00f3gicos e etnogr\u00e1ficos que atualmente est\u00e3o em exibi\u00e7\u00e3o em museus locais. Em Quito, os bolsistas visitar\u00e3o essas cole\u00e7\u00f5es nos Museu Jacinto Jij\u00f3n y Caama\u00f1o e no Museu Casa del Alabado. Na Amaz\u00f4nia equatoriana, ser\u00e3o feitas visitas a Coca, ao Museo Arqueol\u00f3gico y Centro Cultural de Orellana, a ateli\u00eas locais e outros cenntros culturais. Em Cuenca, visitaremos as cole\u00e7\u00f5es etnogr\u00e1ficas do Museu Pumapungo.<\/p>\n\n\n\n<p>O segundo semin\u00e1rio, conectado \u00e0 Universidade do Estado do Rio de Janeiro, ter\u00e1 lugar em Bel\u00e9m do Par\u00e1 no segundo semestre de 2024. Esta cidade tem um papel central na hist\u00f3ria amaz\u00f4nica da primeira modernidade por causa de sua posi\u00e7\u00e3o estrat\u00e9gica na boca do rio Amazonas. Bel\u00e9m, de fato, foi a primeira col\u00f4nia europeia estabelecida na regi\u00e3o amaz\u00f4nica, e, at\u00e9 a segunda metade do s\u00e9culo XVIII, foi a capital do Estado do Par\u00e1, o qual era independente, politicamente, da parte sul do atual Brasil. Atualmente, a cidade alberga importantes cole\u00e7\u00f5es art\u00edsticas, arqueol\u00f3gicas e etnogr\u00e1ficas, assim como a Universidade Federal do Par\u00e1 e a Universidade do Estado do Par\u00e1 (ambas p\u00fablicas). Durante esse semin\u00e1rio, os bolsistas ter\u00e3o a oportunidade de visitar as extraordin\u00e1rias cole\u00e7\u00f5es do Museu Goeldi e edif\u00edcios hist\u00f3ricos incluindo, entre outros, a igreja jesu\u00edta de Santo Alexandre. As atividades acad\u00eamicas desse segundo encontro ser\u00e3o desenvolvidas conjuntamente com programas de p\u00f3s-gradua\u00e7\u00e3o locais especializados em estudos amaz\u00f4nicos.<\/p>\n<\/div>\n","protected":false},"excerpt":{"rendered":"<p>Em cada ano do semin\u00e1rio ser\u00e1 realizado um encontro intensivo e presencial, al\u00e9m de reuni\u00f5es virtuais peri\u00f3dicas. Os encontros ter\u00e3o lugar no Equador, em setembro de 2023, e no Brasil, no segundo semestre de 2024. O semin\u00e1rio ir\u00e1 centrar-se na primeira modernidade, e, como prepara\u00e7\u00e3o \u00e0s atividades presenciais, as sess\u00f5es virtuais ofertar\u00e3o aos bolsistas acesso [&hellip;]<\/p>\n","protected":false},"author":1,"featured_media":0,"parent":0,"menu_order":0,"comment_status":"closed","ping_status":"closed","template":"","meta":{"_uag_custom_page_level_css":"","site-sidebar-layout":"default","site-content-layout":"","ast-site-content-layout":"default","site-content-style":"default","site-sidebar-style":"default","ast-global-header-display":"","ast-banner-title-visibility":"","ast-main-header-display":"","ast-hfb-above-header-display":"","ast-hfb-below-header-display":"","ast-hfb-mobile-header-display":"","site-post-title":"","ast-breadcrumbs-content":"","ast-featured-img":"","footer-sml-layout":"","ast-disable-related-posts":"","theme-transparent-header-meta":"","adv-header-id-meta":"","stick-header-meta":"","header-above-stick-meta":"","header-main-stick-meta":"","header-below-stick-meta":"","astra-migrate-meta-layouts":"default","ast-page-background-enabled":"default","ast-page-background-meta":{"desktop":{"background-color":"var(--ast-global-color-4)","background-image":"","background-repeat":"repeat","background-position":"center center","background-size":"auto","background-attachment":"scroll","background-type":"","background-media":"","overlay-type":"","overlay-color":"","overlay-opacity":"","overlay-gradient":""},"tablet":{"background-color":"","background-image":"","background-repeat":"repeat","background-position":"center center","background-size":"auto","background-attachment":"scroll","background-type":"","background-media":"","overlay-type":"","overlay-color":"","overlay-opacity":"","overlay-gradient":""},"mobile":{"background-color":"","background-image":"","background-repeat":"repeat","background-position":"center center","background-size":"auto","background-attachment":"scroll","background-type":"","background-media":"","overlay-type":"","overlay-color":"","overlay-opacity":"","overlay-gradient":""}},"ast-content-background-meta":{"desktop":{"background-color":"var(--ast-global-color-5)","background-image":"","background-repeat":"repeat","background-position":"center center","background-size":"auto","background-attachment":"scroll","background-type":"","background-media":"","overlay-type":"","overlay-color":"","overlay-opacity":"","overlay-gradient":""},"tablet":{"background-color":"var(--ast-global-color-5)","background-image":"","background-repeat":"repeat","background-position":"center center","background-size":"auto","background-attachment":"scroll","background-type":"","background-media":"","overlay-type":"","overlay-color":"","overlay-opacity":"","overlay-gradient":""},"mobile":{"background-color":"var(--ast-global-color-5)","background-image":"","background-repeat":"repeat","background-position":"center center","background-size":"auto","background-attachment":"scroll","background-type":"","background-media":"","overlay-type":"","overlay-color":"","overlay-opacity":"","overlay-gradient":""}},"footnotes":""},"class_list":["post-222","page","type-page","status-publish","hentry"],"yoast_head":"<!-- This site is optimized with the Yoast SEO plugin v27.4 - https:\/\/yoast.com\/product\/yoast-seo-wordpress\/ -->\n<title>Seminario - The Amazon Basin as Connecting Borderland: Examining Cultural and Artistic Fluidities in the Early Modern Period<\/title>\n<meta name=\"robots\" content=\"index, follow, max-snippet:-1, max-image-preview:large, max-video-preview:-1\" \/>\n<link rel=\"canonical\" href=\"https:\/\/amazon.uniandes.edu.co\/seminario\/\" \/>\n<meta property=\"og:locale\" content=\"pt_PT\" \/>\n<meta property=\"og:type\" content=\"article\" \/>\n<meta property=\"og:title\" content=\"Seminario - The Amazon Basin as Connecting Borderland: Examining Cultural and Artistic Fluidities in the Early Modern Period\" \/>\n<meta property=\"og:description\" content=\"Em cada ano do semin\u00e1rio ser\u00e1 realizado um encontro intensivo e presencial, al\u00e9m de reuni\u00f5es virtuais peri\u00f3dicas. Os encontros ter\u00e3o lugar no Equador, em setembro de 2023, e no Brasil, no segundo semestre de 2024. O semin\u00e1rio ir\u00e1 centrar-se na primeira modernidade, e, como prepara\u00e7\u00e3o \u00e0s atividades presenciais, as sess\u00f5es virtuais ofertar\u00e3o aos bolsistas acesso [&hellip;]\" \/>\n<meta property=\"og:url\" content=\"https:\/\/amazon.uniandes.edu.co\/seminario\/\" \/>\n<meta property=\"og:site_name\" content=\"The Amazon Basin as Connecting Borderland: Examining Cultural and Artistic Fluidities in the Early Modern Period\" \/>\n<meta property=\"article:modified_time\" content=\"2023-02-15T22:23:32+00:00\" \/>\n<meta name=\"twitter:card\" content=\"summary_large_image\" \/>\n<meta name=\"twitter:label1\" content=\"Tempo estimado de leitura\" \/>\n\t<meta name=\"twitter:data1\" content=\"2 minutos\" \/>\n<script type=\"application\/ld+json\" class=\"yoast-schema-graph\">{\"@context\":\"https:\\\/\\\/schema.org\",\"@graph\":[{\"@type\":\"WebPage\",\"@id\":\"https:\\\/\\\/amazon.uniandes.edu.co\\\/seminario\\\/\",\"url\":\"https:\\\/\\\/amazon.uniandes.edu.co\\\/seminario\\\/\",\"name\":\"Seminario - The Amazon Basin as Connecting Borderland: Examining Cultural and Artistic Fluidities in the Early Modern Period\",\"isPartOf\":{\"@id\":\"https:\\\/\\\/amazon.uniandes.edu.co\\\/#website\"},\"datePublished\":\"2023-02-03T16:04:23+00:00\",\"dateModified\":\"2023-02-15T22:23:32+00:00\",\"breadcrumb\":{\"@id\":\"https:\\\/\\\/amazon.uniandes.edu.co\\\/seminario\\\/#breadcrumb\"},\"inLanguage\":\"pt-PT\",\"potentialAction\":[{\"@type\":\"ReadAction\",\"target\":[\"https:\\\/\\\/amazon.uniandes.edu.co\\\/seminario\\\/\"]}]},{\"@type\":\"BreadcrumbList\",\"@id\":\"https:\\\/\\\/amazon.uniandes.edu.co\\\/seminario\\\/#breadcrumb\",\"itemListElement\":[{\"@type\":\"ListItem\",\"position\":1,\"name\":\"Portada\",\"item\":\"https:\\\/\\\/amazon.uniandes.edu.co\\\/\"},{\"@type\":\"ListItem\",\"position\":2,\"name\":\"Seminario\"}]},{\"@type\":\"WebSite\",\"@id\":\"https:\\\/\\\/amazon.uniandes.edu.co\\\/#website\",\"url\":\"https:\\\/\\\/amazon.uniandes.edu.co\\\/\",\"name\":\"The Amazon Basin as Connecting Borderland: Examining Cultural and Artistic Fluidities in the Early Modern Period\",\"description\":\"\",\"publisher\":{\"@id\":\"https:\\\/\\\/amazon.uniandes.edu.co\\\/#organization\"},\"potentialAction\":[{\"@type\":\"SearchAction\",\"target\":{\"@type\":\"EntryPoint\",\"urlTemplate\":\"https:\\\/\\\/amazon.uniandes.edu.co\\\/?s={search_term_string}\"},\"query-input\":{\"@type\":\"PropertyValueSpecification\",\"valueRequired\":true,\"valueName\":\"search_term_string\"}}],\"inLanguage\":\"pt-PT\"},{\"@type\":\"Organization\",\"@id\":\"https:\\\/\\\/amazon.uniandes.edu.co\\\/#organization\",\"name\":\"The Amazon Basin as Connecting Borderland: Examining Cultural and Artistic Fluidities in the Early Modern Period\",\"url\":\"https:\\\/\\\/amazon.uniandes.edu.co\\\/\",\"logo\":{\"@type\":\"ImageObject\",\"inLanguage\":\"pt-PT\",\"@id\":\"https:\\\/\\\/amazon.uniandes.edu.co\\\/#\\\/schema\\\/logo\\\/image\\\/\",\"url\":\"https:\\\/\\\/amazon.uniandes.edu.co\\\/wp-content\\\/uploads\\\/2023\\\/02\\\/amazon-basin-logo-blanco.png\",\"contentUrl\":\"https:\\\/\\\/amazon.uniandes.edu.co\\\/wp-content\\\/uploads\\\/2023\\\/02\\\/amazon-basin-logo-blanco.png\",\"width\":1920,\"height\":769,\"caption\":\"The Amazon Basin as Connecting Borderland: Examining Cultural and Artistic Fluidities in the Early Modern Period\"},\"image\":{\"@id\":\"https:\\\/\\\/amazon.uniandes.edu.co\\\/#\\\/schema\\\/logo\\\/image\\\/\"}}]}<\/script>\n<!-- \/ Yoast SEO plugin. -->","yoast_head_json":{"title":"Seminario - The Amazon Basin as Connecting Borderland: Examining Cultural and Artistic Fluidities in the Early Modern Period","robots":{"index":"index","follow":"follow","max-snippet":"max-snippet:-1","max-image-preview":"max-image-preview:large","max-video-preview":"max-video-preview:-1"},"canonical":"https:\/\/amazon.uniandes.edu.co\/seminario\/","og_locale":"pt_PT","og_type":"article","og_title":"Seminario - The Amazon Basin as Connecting Borderland: Examining Cultural and Artistic Fluidities in the Early Modern Period","og_description":"Em cada ano do semin\u00e1rio ser\u00e1 realizado um encontro intensivo e presencial, al\u00e9m de reuni\u00f5es virtuais peri\u00f3dicas. Os encontros ter\u00e3o lugar no Equador, em setembro de 2023, e no Brasil, no segundo semestre de 2024. O semin\u00e1rio ir\u00e1 centrar-se na primeira modernidade, e, como prepara\u00e7\u00e3o \u00e0s atividades presenciais, as sess\u00f5es virtuais ofertar\u00e3o aos bolsistas acesso [&hellip;]","og_url":"https:\/\/amazon.uniandes.edu.co\/seminario\/","og_site_name":"The Amazon Basin as Connecting Borderland: Examining Cultural and Artistic Fluidities in the Early Modern Period","article_modified_time":"2023-02-15T22:23:32+00:00","twitter_card":"summary_large_image","twitter_misc":{"Tempo estimado de leitura":"2 minutos"},"schema":{"@context":"https:\/\/schema.org","@graph":[{"@type":"WebPage","@id":"https:\/\/amazon.uniandes.edu.co\/seminario\/","url":"https:\/\/amazon.uniandes.edu.co\/seminario\/","name":"Seminario - The Amazon Basin as Connecting Borderland: Examining Cultural and Artistic Fluidities in the Early Modern Period","isPartOf":{"@id":"https:\/\/amazon.uniandes.edu.co\/#website"},"datePublished":"2023-02-03T16:04:23+00:00","dateModified":"2023-02-15T22:23:32+00:00","breadcrumb":{"@id":"https:\/\/amazon.uniandes.edu.co\/seminario\/#breadcrumb"},"inLanguage":"pt-PT","potentialAction":[{"@type":"ReadAction","target":["https:\/\/amazon.uniandes.edu.co\/seminario\/"]}]},{"@type":"BreadcrumbList","@id":"https:\/\/amazon.uniandes.edu.co\/seminario\/#breadcrumb","itemListElement":[{"@type":"ListItem","position":1,"name":"Portada","item":"https:\/\/amazon.uniandes.edu.co\/"},{"@type":"ListItem","position":2,"name":"Seminario"}]},{"@type":"WebSite","@id":"https:\/\/amazon.uniandes.edu.co\/#website","url":"https:\/\/amazon.uniandes.edu.co\/","name":"The Amazon Basin as Connecting Borderland: Examining Cultural and Artistic Fluidities in the Early Modern Period","description":"","publisher":{"@id":"https:\/\/amazon.uniandes.edu.co\/#organization"},"potentialAction":[{"@type":"SearchAction","target":{"@type":"EntryPoint","urlTemplate":"https:\/\/amazon.uniandes.edu.co\/?s={search_term_string}"},"query-input":{"@type":"PropertyValueSpecification","valueRequired":true,"valueName":"search_term_string"}}],"inLanguage":"pt-PT"},{"@type":"Organization","@id":"https:\/\/amazon.uniandes.edu.co\/#organization","name":"The Amazon Basin as Connecting Borderland: Examining Cultural and Artistic Fluidities in the Early Modern Period","url":"https:\/\/amazon.uniandes.edu.co\/","logo":{"@type":"ImageObject","inLanguage":"pt-PT","@id":"https:\/\/amazon.uniandes.edu.co\/#\/schema\/logo\/image\/","url":"https:\/\/amazon.uniandes.edu.co\/wp-content\/uploads\/2023\/02\/amazon-basin-logo-blanco.png","contentUrl":"https:\/\/amazon.uniandes.edu.co\/wp-content\/uploads\/2023\/02\/amazon-basin-logo-blanco.png","width":1920,"height":769,"caption":"The Amazon Basin as Connecting Borderland: Examining Cultural and Artistic Fluidities in the Early Modern Period"},"image":{"@id":"https:\/\/amazon.uniandes.edu.co\/#\/schema\/logo\/image\/"}}]}},"uagb_featured_image_src":{"full":false,"thumbnail":false,"medium":false,"medium_large":false,"large":false,"1536x1536":false,"2048x2048":false},"uagb_author_info":{"display_name":"gcastane@uniandes.edu.co","author_link":"https:\/\/amazon.uniandes.edu.co\/pt-pt\/author\/gcastane\/"},"uagb_comment_info":0,"uagb_excerpt":"Em cada ano do semin\u00e1rio ser\u00e1 realizado um encontro intensivo e presencial, al\u00e9m de reuni\u00f5es virtuais peri\u00f3dicas. Os encontros ter\u00e3o lugar no Equador, em setembro de 2023, e no Brasil, no segundo semestre de 2024. O semin\u00e1rio ir\u00e1 centrar-se na primeira modernidade, e, como prepara\u00e7\u00e3o \u00e0s atividades presenciais, as sess\u00f5es virtuais ofertar\u00e3o aos bolsistas acesso&hellip;","_links":{"self":[{"href":"https:\/\/amazon.uniandes.edu.co\/pt-pt\/wp-json\/wp\/v2\/pages\/222","targetHints":{"allow":["GET"]}}],"collection":[{"href":"https:\/\/amazon.uniandes.edu.co\/pt-pt\/wp-json\/wp\/v2\/pages"}],"about":[{"href":"https:\/\/amazon.uniandes.edu.co\/pt-pt\/wp-json\/wp\/v2\/types\/page"}],"author":[{"embeddable":true,"href":"https:\/\/amazon.uniandes.edu.co\/pt-pt\/wp-json\/wp\/v2\/users\/1"}],"replies":[{"embeddable":true,"href":"https:\/\/amazon.uniandes.edu.co\/pt-pt\/wp-json\/wp\/v2\/comments?post=222"}],"version-history":[{"count":2,"href":"https:\/\/amazon.uniandes.edu.co\/pt-pt\/wp-json\/wp\/v2\/pages\/222\/revisions"}],"predecessor-version":[{"id":350,"href":"https:\/\/amazon.uniandes.edu.co\/pt-pt\/wp-json\/wp\/v2\/pages\/222\/revisions\/350"}],"wp:attachment":[{"href":"https:\/\/amazon.uniandes.edu.co\/pt-pt\/wp-json\/wp\/v2\/media?parent=222"}],"curies":[{"name":"wp","href":"https:\/\/api.w.org\/{rel}","templated":true}]}}